{"id":1934,"date":"2025-08-15T08:52:45","date_gmt":"2025-08-15T08:52:45","guid":{"rendered":"http:\/\/www.riggenkalmar.se\/?page_id=1934"},"modified":"2025-08-19T12:15:39","modified_gmt":"2025-08-19T12:15:39","slug":"boendeparm","status":"publish","type":"page","link":"https:\/\/www.riggenkalmar.se\/?page_id=1934","title":{"rendered":"Boendep\u00e4rm"},"content":{"rendered":"<style>.kb-row-layout-id1934_39f98f-aa > .kt-row-column-wrap{align-content:start;}:where(.kb-row-layout-id1934_39f98f-aa > .kt-row-column-wrap) > .wp-block-kadence-column{justify-content:start;}.kb-row-layout-id1934_39f98f-aa > .kt-row-column-wrap{column-gap:var(--global-kb-gap-md, 2rem);row-gap:var(--global-kb-gap-md, 2rem);max-width:var( --global-content-width, 1290px );padding-left:var(--global-content-edge-padding);padding-right:var(--global-content-edge-padding);padding-top:225px;padding-bottom:25px;grid-template-columns:minmax(0, 1fr);}.kb-row-layout-id1934_39f98f-aa{background-image:url('http:\/\/media1.riggenkalmar.se\/2024\/03\/brf_riggen1-1.jpg');background-size:cover;background-position:50% 42%;background-attachment:scroll;background-repeat:no-repeat;}.kb-row-layout-id1934_39f98f-aa > .kt-row-layout-overlay{opacity:0.55;background-color:#242d2d;}@media all and (max-width: 1024px){.kb-row-layout-id1934_39f98f-aa > .kt-row-column-wrap{grid-template-columns:minmax(0, 1fr);}}@media all and (max-width: 767px){.kb-row-layout-id1934_39f98f-aa > .kt-row-column-wrap{grid-template-columns:minmax(0, 1fr);}}<\/style><div class=\"kb-row-layout-wrap kb-row-layout-id1934_39f98f-aa alignnone kt-row-has-bg wp-block-kadence-rowlayout\"><div class=\"kt-row-layout-overlay kt-row-overlay-normal\"><\/div><div class=\"kt-row-column-wrap kt-has-1-columns kt-row-layout-equal kt-tab-layout-inherit kt-mobile-layout-row kt-row-valign-top kb-theme-content-width\">\n<style>.kadence-column1934_310df0-80 > .kt-inside-inner-col,.kadence-column1934_310df0-80 > .kt-inside-inner-col:before{border-top-left-radius:0px;border-top-right-radius:0px;border-bottom-right-radius:0px;border-bottom-left-radius:0px;}.kadence-column1934_310df0-80 > .kt-inside-inner-col{column-gap:var(--global-kb-gap-sm, 1rem);}.kadence-column1934_310df0-80 > .kt-inside-inner-col{flex-direction:column;}.kadence-column1934_310df0-80 > .kt-inside-inner-col > .aligncenter{width:100%;}.kadence-column1934_310df0-80 > .kt-inside-inner-col:before{opacity:0.3;}.kadence-column1934_310df0-80{position:relative;}@media all and (max-width: 1024px){.kadence-column1934_310df0-80 > .kt-inside-inner-col{flex-direction:column;justify-content:center;}}@media all and (max-width: 767px){.kadence-column1934_310df0-80 > .kt-inside-inner-col{flex-direction:column;justify-content:center;}}<\/style>\n<div class=\"wp-block-kadence-column kadence-column1934_310df0-80 inner-column-1\"><div class=\"kt-inside-inner-col\"><style>.wp-block-kadence-advancedheading.kt-adv-heading1934_a239a1-a0, .wp-block-kadence-advancedheading.kt-adv-heading1934_a239a1-a0[data-kb-block=\"kb-adv-heading1934_a239a1-a0\"]{font-size:65px;font-weight:700;font-style:normal;}.wp-block-kadence-advancedheading.kt-adv-heading1934_a239a1-a0 mark.kt-highlight, .wp-block-kadence-advancedheading.kt-adv-heading1934_a239a1-a0[data-kb-block=\"kb-adv-heading1934_a239a1-a0\"] mark.kt-highlight{font-weight:normal;font-style:normal;color:#f76a0c;-webkit-box-decoration-break:clone;box-decoration-break:clone;padding-top:0px;padding-right:0px;padding-bottom:0px;padding-left:0px;}.wp-block-kadence-advancedheading.kt-adv-heading1934_a239a1-a0 img.kb-inline-image, .wp-block-kadence-advancedheading.kt-adv-heading1934_a239a1-a0[data-kb-block=\"kb-adv-heading1934_a239a1-a0\"] img.kb-inline-image{width:150px;vertical-align:baseline;}@media all and (max-width: 1024px){.wp-block-kadence-advancedheading.kt-adv-heading1934_a239a1-a0, .wp-block-kadence-advancedheading.kt-adv-heading1934_a239a1-a0[data-kb-block=\"kb-adv-heading1934_a239a1-a0\"]{font-size:45px;}}@media all and (max-width: 767px){.wp-block-kadence-advancedheading.kt-adv-heading1934_a239a1-a0, .wp-block-kadence-advancedheading.kt-adv-heading1934_a239a1-a0[data-kb-block=\"kb-adv-heading1934_a239a1-a0\"]{font-size:35px;}}<\/style>\n<h1 class=\"kt-adv-heading1934_a239a1-a0 wp-block-kadence-advancedheading has-theme-palette-9-color has-text-color\" data-kb-block=\"kb-adv-heading1934_a239a1-a0\">Boendep\u00e4rm<\/h1>\n<\/div><\/div>\n\n<\/div><\/div>\n\n<style>.kb-row-layout-id1934_11d332-bf > .kt-row-column-wrap{align-content:start;}:where(.kb-row-layout-id1934_11d332-bf > .kt-row-column-wrap) > .wp-block-kadence-column{justify-content:start;}.kb-row-layout-id1934_11d332-bf > .kt-row-column-wrap{column-gap:var(--global-kb-gap-md, 2rem);row-gap:var(--global-kb-gap-md, 2rem);max-width:var( --global-content-width, 1290px );padding-left:var(--global-content-edge-padding);padding-right:var(--global-content-edge-padding);padding-top:85px;padding-bottom:25px;grid-template-columns:minmax(0, calc(65% - ((var(--global-kb-gap-md, 2rem) * 1 )\/2)))minmax(0, calc(35% - ((var(--global-kb-gap-md, 2rem) * 1 )\/2)));}.kb-row-layout-id1934_11d332-bf > .kt-row-layout-overlay{opacity:0.30;}@media all and (max-width: 1024px){.kb-row-layout-id1934_11d332-bf > .kt-row-column-wrap{grid-template-columns:minmax(0, 2fr) minmax(0, 1fr);}}@media all and (max-width: 767px){.kb-row-layout-id1934_11d332-bf > .kt-row-column-wrap{grid-template-columns:minmax(0, 1fr);}}<\/style><div class=\"kb-row-layout-wrap kb-row-layout-id1934_11d332-bf alignnone wp-block-kadence-rowlayout\"><div class=\"kt-row-column-wrap kt-has-2-columns kt-row-layout-left-golden kt-tab-layout-inherit kt-mobile-layout-row kt-row-valign-top kt-inner-column-height-full kb-theme-content-width\">\n<style>.kadence-column1934_e6179c-ac > .kt-inside-inner-col,.kadence-column1934_e6179c-ac > .kt-inside-inner-col:before{border-top-left-radius:0px;border-top-right-radius:0px;border-bottom-right-radius:0px;border-bottom-left-radius:0px;}.kadence-column1934_e6179c-ac > .kt-inside-inner-col{column-gap:var(--global-kb-gap-sm, 1rem);}.kadence-column1934_e6179c-ac > .kt-inside-inner-col{flex-direction:column;}.kadence-column1934_e6179c-ac > .kt-inside-inner-col > .aligncenter{width:100%;}.kadence-column1934_e6179c-ac > .kt-inside-inner-col:before{opacity:0.3;}.kadence-column1934_e6179c-ac{position:relative;}@media all and (max-width: 1024px){.kadence-column1934_e6179c-ac > .kt-inside-inner-col{flex-direction:column;justify-content:center;}}@media all and (max-width: 767px){.kadence-column1934_e6179c-ac > .kt-inside-inner-col{flex-direction:column;justify-content:center;}}<\/style>\n<div class=\"wp-block-kadence-column kadence-column1934_e6179c-ac inner-column-1\"><div class=\"kt-inside-inner-col\">\n<h3 class=\"wp-block-heading\">Boendep\u00e4rmen<\/h3>\n\n\n\n<p>H\u00e4r finns alla flikar ur boendep\u00e4rmen, f\u00f6rutom vitvaror. <\/p>\n\n\n\n<p><a href=\"http:\/\/www.riggenkalmar.se\/wp-content\/uploads\/2025\/08\/Balkongracken.pdf\">Balkongr\u00e4cken<\/a><br><a href=\"http:\/\/www.riggenkalmar.se\/wp-content\/uploads\/2025\/08\/Blandare.pdf\">Blandare<\/a><br><a href=\"http:\/\/www.riggenkalmar.se\/wp-content\/uploads\/2025\/08\/Brandvarnare.pdf\">Brandvarnare<\/a><br><a href=\"http:\/\/www.riggenkalmar.se\/wp-content\/uploads\/2025\/08\/Bredband.pdf\">Bredband<\/a><br><a href=\"http:\/\/www.riggenkalmar.se\/wp-content\/uploads\/2025\/08\/Duschvagg.pdf\">Duschv\u00e4gg<\/a><br><a href=\"http:\/\/www.riggenkalmar.se\/wp-content\/uploads\/2025\/08\/Fjarrkontroll-garage.pdf\">Fj\u00e4rrkontroll garage<\/a><br><a href=\"http:\/\/www.riggenkalmar.se\/wp-content\/uploads\/2025\/08\/Fonster.pdf\">F\u00f6nster<\/a><br><a href=\"http:\/\/www.riggenkalmar.se\/wp-content\/uploads\/2025\/08\/Fonsterbankar.pdf\">F\u00f6nsterb\u00e4nkar<\/a><br><a href=\"http:\/\/www.riggenkalmar.se\/wp-content\/uploads\/2025\/08\/Golvranna.pdf\">Golvr\u00e4nna<\/a><br><a href=\"http:\/\/www.riggenkalmar.se\/wp-content\/uploads\/2025\/08\/Golvvarme.pdf\">Golvv\u00e4rme<\/a><br><a href=\"http:\/\/www.riggenkalmar.se\/wp-content\/uploads\/2025\/08\/Handdukstork.pdf\">Handdukstork<\/a><br><a href=\"http:\/\/www.riggenkalmar.se\/wp-content\/uploads\/2025\/08\/innerdorrar.pdf\">Innerd\u00f6rrar<\/a><br><a href=\"http:\/\/www.riggenkalmar.se\/wp-content\/uploads\/2025\/08\/Kakel-och-klinkers.pdf\">Kakel och klinkers<\/a><br><a href=\"http:\/\/www.riggenkalmar.se\/wp-content\/uploads\/2025\/08\/Malning.pdf\">M\u00e5lning<\/a><br><a href=\"http:\/\/www.riggenkalmar.se\/wp-content\/uploads\/2025\/08\/Natdorrar-forrad.pdf\">N\u00e4td\u00f6rrar f\u00f6rr\u00e5d<\/a><br><a href=\"http:\/\/www.riggenkalmar.se\/wp-content\/uploads\/2025\/08\/Porttelefon-och-kortlasare.pdf\">Porttelefon<\/a><br><a href=\"http:\/\/www.riggenkalmar.se\/wp-content\/uploads\/2025\/08\/skjutdorrsgarderober.pdf\">Skjutd\u00f6rrsgarderober<\/a><br><a href=\"http:\/\/www.riggenkalmar.se\/wp-content\/uploads\/2025\/08\/Skapsinredning-kok-och-bad.pdf\">Sk\u00e5psinredning k\u00f6k och bad<\/a><br><a href=\"http:\/\/www.riggenkalmar.se\/wp-content\/uploads\/2025\/08\/Spiskapa.pdf\">Spisk\u00e5pa<\/a><br><a href=\"http:\/\/www.riggenkalmar.se\/wp-content\/uploads\/2025\/08\/Tamburdorr.pdf\">Tamburd\u00f6rr<\/a><br><a href=\"http:\/\/www.riggenkalmar.se\/wp-content\/uploads\/2025\/08\/Tragolv.pdf\">Tr\u00e4golv<\/a><br><a href=\"http:\/\/www.riggenkalmar.se\/wp-content\/uploads\/2025\/08\/Ventilation.pdf\">Ventilation<\/a><br><a href=\"http:\/\/www.riggenkalmar.se\/wp-content\/uploads\/2025\/08\/WC-stol.pdf\">WC-stol<\/a><br><\/p>\n\n\n\n<p><\/p>\n<\/div><\/div>\n\n\n<style>.kadence-column1934_25a01a-99 > .kt-inside-inner-col{padding-left:30px;}.kadence-column1934_25a01a-99 > .kt-inside-inner-col{border-left:1px solid var(--global-palette6, #718096);}.kadence-column1934_25a01a-99 > .kt-inside-inner-col,.kadence-column1934_25a01a-99 > .kt-inside-inner-col:before{border-top-left-radius:0px;border-top-right-radius:0px;border-bottom-right-radius:0px;border-bottom-left-radius:0px;}.kadence-column1934_25a01a-99 > .kt-inside-inner-col{column-gap:var(--global-kb-gap-sm, 1rem);}.kadence-column1934_25a01a-99 > .kt-inside-inner-col{flex-direction:column;}.kadence-column1934_25a01a-99 > .kt-inside-inner-col > .aligncenter{width:100%;}.kadence-column1934_25a01a-99 > .kt-inside-inner-col:before{opacity:0.3;}.kadence-column1934_25a01a-99 a{color:var(--global-palette4, #2D3748);}.kadence-column1934_25a01a-99 a:hover{color:var(--global-palette1, #3182CE);}.kadence-column1934_25a01a-99{position:relative;}@media all and (max-width: 1024px){.kadence-column1934_25a01a-99 > .kt-inside-inner-col{border-left:1px solid var(--global-palette6, #718096);flex-direction:column;justify-content:center;}}@media all and (max-width: 767px){.kadence-column1934_25a01a-99 > .kt-inside-inner-col{border-left:1px solid var(--global-palette6, #718096);flex-direction:column;justify-content:center;}}<\/style>\n<div class=\"wp-block-kadence-column kadence-column1934_25a01a-99 inner-column-2\"><div class=\"kt-inside-inner-col\"><style>.kb-row-layout-id1934_7c50ec-8d > .kt-row-column-wrap{align-content:start;}:where(.kb-row-layout-id1934_7c50ec-8d > .kt-row-column-wrap) > .wp-block-kadence-column{justify-content:start;}.kb-row-layout-id1934_7c50ec-8d > .kt-row-column-wrap{column-gap:var(--global-kb-gap-md, 2rem);row-gap:var(--global-kb-gap-md, 2rem);padding-top:0px;padding-bottom:0px;grid-template-columns:minmax(0, 1fr);}.kb-row-layout-id1934_7c50ec-8d > .kt-row-layout-overlay{opacity:0.30;}@media all and (max-width: 1024px){.kb-row-layout-id1934_7c50ec-8d > .kt-row-column-wrap{grid-template-columns:minmax(0, 1fr);}}@media all and (max-width: 767px){.kb-row-layout-id1934_7c50ec-8d > .kt-row-column-wrap{grid-template-columns:minmax(0, 1fr);}}<\/style><div class=\"kb-row-layout-wrap kb-row-layout-id1934_7c50ec-8d alignnone wp-block-kadence-rowlayout\"><div class=\"kt-row-column-wrap kt-has-1-columns kt-row-layout-equal kt-tab-layout-inherit kt-mobile-layout-row kt-row-valign-top\">\n<style>.kadence-column1934_a9244d-6a > .kt-inside-inner-col{padding-top:20px;padding-right:30px;padding-bottom:20px;padding-left:30px;}.kadence-column1934_a9244d-6a > .kt-inside-inner-col,.kadence-column1934_a9244d-6a > .kt-inside-inner-col:before{border-top-left-radius:0px;border-top-right-radius:0px;border-bottom-right-radius:0px;border-bottom-left-radius:0px;}.kadence-column1934_a9244d-6a > .kt-inside-inner-col{column-gap:var(--global-kb-gap-sm, 1rem);}.kadence-column1934_a9244d-6a > .kt-inside-inner-col{flex-direction:column;}.kadence-column1934_a9244d-6a > .kt-inside-inner-col > .aligncenter{width:100%;}.kadence-column1934_a9244d-6a > .kt-inside-inner-col{background-color:var(--global-palette8, #F7FAFC);}.kadence-column1934_a9244d-6a > .kt-inside-inner-col:before{opacity:0.3;}.kadence-column1934_a9244d-6a{position:relative;}@media all and (max-width: 1024px){.kadence-column1934_a9244d-6a > .kt-inside-inner-col{flex-direction:column;justify-content:center;}}@media all and (max-width: 767px){.kadence-column1934_a9244d-6a > .kt-inside-inner-col{flex-direction:column;justify-content:center;}}<\/style>\n<div class=\"wp-block-kadence-column kadence-column1934_a9244d-6a\"><div class=\"kt-inside-inner-col\">\n<h3 class=\"wp-block-heading\">Kontakta oss<\/h3>\n\n\n\n<p>Brf Riggen<br>Utrustningskajen 11<br>392 51 Kalmar<\/p>\n\n\n\n<p><a href=\"mailto:info@riggenkalmar.se\">info@riggenkalmar.se<\/a><\/p>\n<\/div><\/div>\n\n<\/div><\/div><\/div><\/div>\n\n<\/div><\/div>","protected":false},"excerpt":{"rendered":"<p>Boendep\u00e4rm Boendep\u00e4rmen H\u00e4r finns alla flikar ur boendep\u00e4rmen, f\u00f6rutom vitvaror. Balkongr\u00e4ckenBlandareBrandvarnareBredbandDuschv\u00e4ggFj\u00e4rrkontroll garageF\u00f6nsterF\u00f6nsterb\u00e4nkarGolvr\u00e4nnaGolvv\u00e4rmeHanddukstorkInnerd\u00f6rrarKakel och klinkersM\u00e5lningN\u00e4td\u00f6rrar f\u00f6rr\u00e5dPorttelefonSkjutd\u00f6rrsgarderoberSk\u00e5psinredning k\u00f6k och badSpisk\u00e5paTamburd\u00f6rrTr\u00e4golvVentilationWC-stol Kontakta oss Brf RiggenUtrustningskajen 11392 51 Kalmar info@riggenkalmar.se<\/p>\n","protected":false},"author":1,"featured_media":1567,"parent":0,"menu_order":0,"comment_status":"closed","ping_status":"closed","template":"","meta":{"_kadence_starter_templates_imported_post":true,"_kad_post_transparent":"enable","_kad_post_title":"hide","_kad_post_layout":"fullwidth","_kad_post_sidebar_id":"","_kad_post_content_style":"unboxed","_kad_post_vertical_padding":"hide","_kad_post_feature":"","_kad_post_feature_position":"","_kad_post_header":false,"_kad_post_footer":false,"_kad_post_classname":"","footnotes":""},"class_list":["post-1934","page","type-page","status-publish","has-post-thumbnail","hentry"],"_links":{"self":[{"href":"https:\/\/www.riggenkalmar.se\/index.php?rest_route=\/wp\/v2\/pages\/1934","targetHints":{"allow":["GET"]}}],"collection":[{"href":"https:\/\/www.riggenkalmar.se\/index.php?rest_route=\/wp\/v2\/pages"}],"about":[{"href":"https:\/\/www.riggenkalmar.se\/index.php?rest_route=\/wp\/v2\/types\/page"}],"author":[{"embeddable":true,"href":"https:\/\/www.riggenkalmar.se\/index.php?rest_route=\/wp\/v2\/users\/1"}],"replies":[{"embeddable":true,"href":"https:\/\/www.riggenkalmar.se\/index.php?rest_route=%2Fwp%2Fv2%2Fcomments&post=1934"}],"version-history":[{"count":29,"href":"https:\/\/www.riggenkalmar.se\/index.php?rest_route=\/wp\/v2\/pages\/1934\/revisions"}],"predecessor-version":[{"id":1992,"href":"https:\/\/www.riggenkalmar.se\/index.php?rest_route=\/wp\/v2\/pages\/1934\/revisions\/1992"}],"wp:featuredmedia":[{"embeddable":true,"href":"https:\/\/www.riggenkalmar.se\/index.php?rest_route=\/wp\/v2\/media\/1567"}],"wp:attachment":[{"href":"https:\/\/www.riggenkalmar.se\/index.php?rest_route=%2Fwp%2Fv2%2Fmedia&parent=1934"}],"curies":[{"name":"wp","href":"https:\/\/api.w.org\/{rel}","templated":true}]}}