{"id":1828,"date":"2024-04-29T07:15:38","date_gmt":"2024-04-29T07:15:38","guid":{"rendered":"http:\/\/www.riggenkalmar.se\/?page_id=1828"},"modified":"2025-08-19T12:39:15","modified_gmt":"2025-08-19T12:39:15","slug":"laddboxar","status":"publish","type":"page","link":"https:\/\/www.riggenkalmar.se\/?page_id=1828","title":{"rendered":"Laddboxar"},"content":{"rendered":"<style>.kb-row-layout-id1828_76da59-44 > .kt-row-column-wrap{align-content:start;}:where(.kb-row-layout-id1828_76da59-44 > .kt-row-column-wrap) > .wp-block-kadence-column{justify-content:start;}.kb-row-layout-id1828_76da59-44 > .kt-row-column-wrap{column-gap:var(--global-kb-gap-md, 2rem);row-gap:var(--global-kb-gap-md, 2rem);max-width:var( --global-content-width, 1290px );padding-left:var(--global-content-edge-padding);padding-right:var(--global-content-edge-padding);padding-top:225px;padding-bottom:25px;grid-template-columns:minmax(0, 1fr);}.kb-row-layout-id1828_76da59-44{background-image:url('http:\/\/media1.riggenkalmar.se\/2024\/03\/brf_riggen1-1.jpg');background-size:cover;background-position:50% 42%;background-attachment:scroll;background-repeat:no-repeat;}.kb-row-layout-id1828_76da59-44 > .kt-row-layout-overlay{opacity:0.55;background-color:#242d2d;}@media all and (max-width: 1024px){.kb-row-layout-id1828_76da59-44 > .kt-row-column-wrap{grid-template-columns:minmax(0, 1fr);}}@media all and (max-width: 767px){.kb-row-layout-id1828_76da59-44 > .kt-row-column-wrap{grid-template-columns:minmax(0, 1fr);}}<\/style><div class=\"kb-row-layout-wrap kb-row-layout-id1828_76da59-44 alignnone kt-row-has-bg wp-block-kadence-rowlayout\"><div class=\"kt-row-layout-overlay kt-row-overlay-normal\"><\/div><div class=\"kt-row-column-wrap kt-has-1-columns kt-row-layout-equal kt-tab-layout-inherit kt-mobile-layout-row kt-row-valign-top kb-theme-content-width\">\n<style>.kadence-column1828_553aa8-13 > .kt-inside-inner-col,.kadence-column1828_553aa8-13 > .kt-inside-inner-col:before{border-top-left-radius:0px;border-top-right-radius:0px;border-bottom-right-radius:0px;border-bottom-left-radius:0px;}.kadence-column1828_553aa8-13 > .kt-inside-inner-col{column-gap:var(--global-kb-gap-sm, 1rem);}.kadence-column1828_553aa8-13 > .kt-inside-inner-col{flex-direction:column;}.kadence-column1828_553aa8-13 > .kt-inside-inner-col > .aligncenter{width:100%;}.kadence-column1828_553aa8-13 > .kt-inside-inner-col:before{opacity:0.3;}.kadence-column1828_553aa8-13{position:relative;}@media all and (max-width: 1024px){.kadence-column1828_553aa8-13 > .kt-inside-inner-col{flex-direction:column;justify-content:center;}}@media all and (max-width: 767px){.kadence-column1828_553aa8-13 > .kt-inside-inner-col{flex-direction:column;justify-content:center;}}<\/style>\n<div class=\"wp-block-kadence-column kadence-column1828_553aa8-13 inner-column-1\"><div class=\"kt-inside-inner-col\"><style>.wp-block-kadence-advancedheading.kt-adv-heading1828_d9885a-0f, .wp-block-kadence-advancedheading.kt-adv-heading1828_d9885a-0f[data-kb-block=\"kb-adv-heading1828_d9885a-0f\"]{font-size:65px;font-weight:700;font-style:normal;}.wp-block-kadence-advancedheading.kt-adv-heading1828_d9885a-0f mark.kt-highlight, .wp-block-kadence-advancedheading.kt-adv-heading1828_d9885a-0f[data-kb-block=\"kb-adv-heading1828_d9885a-0f\"] mark.kt-highlight{font-weight:normal;font-style:normal;color:#f76a0c;-webkit-box-decoration-break:clone;box-decoration-break:clone;padding-top:0px;padding-right:0px;padding-bottom:0px;padding-left:0px;}.wp-block-kadence-advancedheading.kt-adv-heading1828_d9885a-0f img.kb-inline-image, .wp-block-kadence-advancedheading.kt-adv-heading1828_d9885a-0f[data-kb-block=\"kb-adv-heading1828_d9885a-0f\"] img.kb-inline-image{width:150px;vertical-align:baseline;}@media all and (max-width: 1024px){.wp-block-kadence-advancedheading.kt-adv-heading1828_d9885a-0f, .wp-block-kadence-advancedheading.kt-adv-heading1828_d9885a-0f[data-kb-block=\"kb-adv-heading1828_d9885a-0f\"]{font-size:45px;}}@media all and (max-width: 767px){.wp-block-kadence-advancedheading.kt-adv-heading1828_d9885a-0f, .wp-block-kadence-advancedheading.kt-adv-heading1828_d9885a-0f[data-kb-block=\"kb-adv-heading1828_d9885a-0f\"]{font-size:35px;}}<\/style>\n<h1 class=\"kt-adv-heading1828_d9885a-0f wp-block-kadence-advancedheading has-theme-palette-9-color has-text-color\" data-kb-block=\"kb-adv-heading1828_d9885a-0f\">Laddboxar<\/h1>\n<\/div><\/div>\n\n<\/div><\/div>\n\n<style>.kb-row-layout-id1828_c42d9e-22 > .kt-row-column-wrap{align-content:start;}:where(.kb-row-layout-id1828_c42d9e-22 > .kt-row-column-wrap) > .wp-block-kadence-column{justify-content:start;}.kb-row-layout-id1828_c42d9e-22 > .kt-row-column-wrap{column-gap:var(--global-kb-gap-md, 2rem);row-gap:var(--global-kb-gap-md, 2rem);max-width:var( --global-content-width, 1290px );padding-left:var(--global-content-edge-padding);padding-right:var(--global-content-edge-padding);padding-top:85px;padding-bottom:25px;grid-template-columns:minmax(0, calc(65% - ((var(--global-kb-gap-md, 2rem) * 1 )\/2)))minmax(0, calc(35% - ((var(--global-kb-gap-md, 2rem) * 1 )\/2)));}.kb-row-layout-id1828_c42d9e-22 > .kt-row-layout-overlay{opacity:0.30;}@media all and (max-width: 1024px){.kb-row-layout-id1828_c42d9e-22 > .kt-row-column-wrap{grid-template-columns:minmax(0, 2fr) minmax(0, 1fr);}}@media all and (max-width: 767px){.kb-row-layout-id1828_c42d9e-22 > .kt-row-column-wrap{grid-template-columns:minmax(0, 1fr);}}<\/style><div class=\"kb-row-layout-wrap kb-row-layout-id1828_c42d9e-22 alignnone wp-block-kadence-rowlayout\"><div class=\"kt-row-column-wrap kt-has-2-columns kt-row-layout-left-golden kt-tab-layout-inherit kt-mobile-layout-row kt-row-valign-top kt-inner-column-height-full kb-theme-content-width\">\n<style>.kadence-column1828_837378-93 > .kt-inside-inner-col,.kadence-column1828_837378-93 > .kt-inside-inner-col:before{border-top-left-radius:0px;border-top-right-radius:0px;border-bottom-right-radius:0px;border-bottom-left-radius:0px;}.kadence-column1828_837378-93 > .kt-inside-inner-col{column-gap:var(--global-kb-gap-sm, 1rem);}.kadence-column1828_837378-93 > .kt-inside-inner-col{flex-direction:column;}.kadence-column1828_837378-93 > .kt-inside-inner-col > .aligncenter{width:100%;}.kadence-column1828_837378-93 > .kt-inside-inner-col:before{opacity:0.3;}.kadence-column1828_837378-93{position:relative;}@media all and (max-width: 1024px){.kadence-column1828_837378-93 > .kt-inside-inner-col{flex-direction:column;justify-content:center;}}@media all and (max-width: 767px){.kadence-column1828_837378-93 > .kt-inside-inner-col{flex-direction:column;justify-content:center;}}<\/style>\n<div class=\"wp-block-kadence-column kadence-column1828_837378-93 inner-column-1\"><div class=\"kt-inside-inner-col\">\n<h3 class=\"wp-block-heading\">Information om laddboxar, taggar med mera<\/h3>\n\n\n\n<p><strong>Vad g\u00f6r jag om laddkabeln sitter fast?<\/strong><\/p>\n\n\n\n<ol start=\"1\" class=\"wp-block-list\">\n<li>Tryck tillbaka laddkabeln ordentligt i laddaren och bilen.<\/li>\n\n\n\n<li>Ta bort laddkabeln fr\u00e5n bilen.<\/li>\n\n\n\n<li>H\u00e5ll &#8221;pricken&#8221; \u00f6ver ljusremsan p\u00e5 laddaren tills det h\u00f6r ett ljud och ett gr\u00f6nt ljus.<\/li>\n\n\n\n<li>Dra ut&nbsp;<strong>kabeln<\/strong>&nbsp;lugnt och best\u00e4mt.<\/li>\n\n\n\n<li>Upprepa steg tre och fyra vid behov om&nbsp;<strong>kabeln<\/strong>&nbsp;inte lossnar vid f\u00f6rsta f\u00f6rs\u00f6ket.<\/li>\n<\/ol>\n\n\n\n<p><strong>Borttappad eller f\u00f6rst\u00f6rd laddbricka?<\/strong><br>Kontakta Bravida:<\/p>\n\n\n\n<p>Martin Thuresson<br><a href=\"mailto:martin.thuresson@bravida.se\">martin.thuresson@bravida.se<\/a><br>0708-528525<\/p>\n\n\n\n<p>Servicetekniker<br>Tommy<br>0733-427344<\/p>\n\n\n\n<p><strong>Best\u00e4lla box<\/strong><br>Kontakta Bravida enligt ovan. Ut\u00f6ver kostnaden f\u00f6r boxen tillkommer 2500:- f\u00f6r infrastrukturkostnader.<\/p>\n\n\n\n<p><strong>\u00c5rsavgift boxar<\/strong><br>Varje \u00e5r debiteras 150:- per installerad box f\u00f6r att t\u00e4cka elkostnader som uppkommer \u00e4ven om boxen inte anv\u00e4nds.<\/p>\n<\/div><\/div>\n\n\n<style>.kadence-column1828_c8e765-fe > .kt-inside-inner-col{padding-left:30px;}.kadence-column1828_c8e765-fe > .kt-inside-inner-col{border-left:1px solid var(--global-palette6, #718096);}.kadence-column1828_c8e765-fe > .kt-inside-inner-col,.kadence-column1828_c8e765-fe > .kt-inside-inner-col:before{border-top-left-radius:0px;border-top-right-radius:0px;border-bottom-right-radius:0px;border-bottom-left-radius:0px;}.kadence-column1828_c8e765-fe > .kt-inside-inner-col{column-gap:var(--global-kb-gap-sm, 1rem);}.kadence-column1828_c8e765-fe > .kt-inside-inner-col{flex-direction:column;}.kadence-column1828_c8e765-fe > .kt-inside-inner-col > .aligncenter{width:100%;}.kadence-column1828_c8e765-fe > .kt-inside-inner-col:before{opacity:0.3;}.kadence-column1828_c8e765-fe a{color:var(--global-palette4, #2D3748);}.kadence-column1828_c8e765-fe a:hover{color:var(--global-palette1, #3182CE);}.kadence-column1828_c8e765-fe{position:relative;}@media all and (max-width: 1024px){.kadence-column1828_c8e765-fe > .kt-inside-inner-col{border-left:1px solid var(--global-palette6, #718096);flex-direction:column;justify-content:center;}}@media all and (max-width: 767px){.kadence-column1828_c8e765-fe > .kt-inside-inner-col{border-left:1px solid var(--global-palette6, #718096);flex-direction:column;justify-content:center;}}<\/style>\n<div class=\"wp-block-kadence-column kadence-column1828_c8e765-fe inner-column-2\"><div class=\"kt-inside-inner-col\"><style>.kb-row-layout-id1828_46ebd5-6b > .kt-row-column-wrap{align-content:start;}:where(.kb-row-layout-id1828_46ebd5-6b > .kt-row-column-wrap) > .wp-block-kadence-column{justify-content:start;}.kb-row-layout-id1828_46ebd5-6b > .kt-row-column-wrap{column-gap:var(--global-kb-gap-md, 2rem);row-gap:var(--global-kb-gap-md, 2rem);padding-top:0px;padding-bottom:0px;grid-template-columns:minmax(0, 1fr);}.kb-row-layout-id1828_46ebd5-6b > .kt-row-layout-overlay{opacity:0.30;}@media all and (max-width: 1024px){.kb-row-layout-id1828_46ebd5-6b > .kt-row-column-wrap{grid-template-columns:minmax(0, 1fr);}}@media all and (max-width: 767px){.kb-row-layout-id1828_46ebd5-6b > .kt-row-column-wrap{grid-template-columns:minmax(0, 1fr);}}<\/style><div class=\"kb-row-layout-wrap kb-row-layout-id1828_46ebd5-6b alignnone wp-block-kadence-rowlayout\"><div class=\"kt-row-column-wrap kt-has-1-columns kt-row-layout-equal kt-tab-layout-inherit kt-mobile-layout-row kt-row-valign-top\">\n<style>.kadence-column1828_18d213-52 > .kt-inside-inner-col{padding-top:20px;padding-right:30px;padding-bottom:20px;padding-left:30px;}.kadence-column1828_18d213-52 > .kt-inside-inner-col,.kadence-column1828_18d213-52 > .kt-inside-inner-col:before{border-top-left-radius:0px;border-top-right-radius:0px;border-bottom-right-radius:0px;border-bottom-left-radius:0px;}.kadence-column1828_18d213-52 > .kt-inside-inner-col{column-gap:var(--global-kb-gap-sm, 1rem);}.kadence-column1828_18d213-52 > .kt-inside-inner-col{flex-direction:column;}.kadence-column1828_18d213-52 > .kt-inside-inner-col > .aligncenter{width:100%;}.kadence-column1828_18d213-52 > .kt-inside-inner-col{background-color:var(--global-palette8, #F7FAFC);}.kadence-column1828_18d213-52 > .kt-inside-inner-col:before{opacity:0.3;}.kadence-column1828_18d213-52{position:relative;}@media all and (max-width: 1024px){.kadence-column1828_18d213-52 > .kt-inside-inner-col{flex-direction:column;justify-content:center;}}@media all and (max-width: 767px){.kadence-column1828_18d213-52 > .kt-inside-inner-col{flex-direction:column;justify-content:center;}}<\/style>\n<div class=\"wp-block-kadence-column kadence-column1828_18d213-52\"><div class=\"kt-inside-inner-col\">\n<h3 class=\"wp-block-heading\">Kontakta oss<\/h3>\n\n\n\n<p>Brf Riggen<br>Utrustningskajen 11<br>392 51 Kalmar<\/p>\n\n\n\n<p><a href=\"mailto:info@riggenkalmar.se\">info@riggenkalmar.se<\/a><\/p>\n<\/div><\/div>\n\n<\/div><\/div><\/div><\/div>\n\n<\/div><\/div>\n\n\n<p><\/p>\n","protected":false},"excerpt":{"rendered":"<p>Laddboxar Information om laddboxar, taggar med mera Vad g\u00f6r jag om laddkabeln sitter fast? Borttappad eller f\u00f6rst\u00f6rd laddbricka?Kontakta Bravida: Martin Thuressonmartin.thuresson@bravida.se0708-528525 ServiceteknikerTommy0733-427344 Best\u00e4lla boxKontakta Bravida enligt ovan. Ut\u00f6ver kostnaden f\u00f6r boxen tillkommer 2500:- f\u00f6r infrastrukturkostnader. \u00c5rsavgift boxarVarje \u00e5r debiteras 150:- per installerad box f\u00f6r att t\u00e4cka elkostnader som uppkommer \u00e4ven om boxen inte anv\u00e4nds. Kontakta&#8230;<\/p>\n","protected":false},"author":1,"featured_media":1567,"parent":0,"menu_order":0,"comment_status":"closed","ping_status":"closed","template":"","meta":{"_kadence_starter_templates_imported_post":true,"_kad_post_transparent":"enable","_kad_post_title":"hide","_kad_post_layout":"fullwidth","_kad_post_sidebar_id":"","_kad_post_content_style":"unboxed","_kad_post_vertical_padding":"hide","_kad_post_feature":"","_kad_post_feature_position":"","_kad_post_header":false,"_kad_post_footer":false,"_kad_post_classname":"","footnotes":""},"class_list":["post-1828","page","type-page","status-publish","has-post-thumbnail","hentry"],"_links":{"self":[{"href":"https:\/\/www.riggenkalmar.se\/index.php?rest_route=\/wp\/v2\/pages\/1828","targetHints":{"allow":["GET"]}}],"collection":[{"href":"https:\/\/www.riggenkalmar.se\/index.php?rest_route=\/wp\/v2\/pages"}],"about":[{"href":"https:\/\/www.riggenkalmar.se\/index.php?rest_route=\/wp\/v2\/types\/page"}],"author":[{"embeddable":true,"href":"https:\/\/www.riggenkalmar.se\/index.php?rest_route=\/wp\/v2\/users\/1"}],"replies":[{"embeddable":true,"href":"https:\/\/www.riggenkalmar.se\/index.php?rest_route=%2Fwp%2Fv2%2Fcomments&post=1828"}],"version-history":[{"count":8,"href":"https:\/\/www.riggenkalmar.se\/index.php?rest_route=\/wp\/v2\/pages\/1828\/revisions"}],"predecessor-version":[{"id":1998,"href":"https:\/\/www.riggenkalmar.se\/index.php?rest_route=\/wp\/v2\/pages\/1828\/revisions\/1998"}],"wp:featuredmedia":[{"embeddable":true,"href":"https:\/\/www.riggenkalmar.se\/index.php?rest_route=\/wp\/v2\/media\/1567"}],"wp:attachment":[{"href":"https:\/\/www.riggenkalmar.se\/index.php?rest_route=%2Fwp%2Fv2%2Fmedia&parent=1828"}],"curies":[{"name":"wp","href":"https:\/\/api.w.org\/{rel}","templated":true}]}}