{"id":1819,"date":"2024-04-29T06:52:18","date_gmt":"2024-04-29T06:52:18","guid":{"rendered":"http:\/\/www.riggenkalmar.se\/?page_id=1819"},"modified":"2025-08-19T12:39:18","modified_gmt":"2025-08-19T12:39:18","slug":"solceller","status":"publish","type":"page","link":"https:\/\/www.riggenkalmar.se\/?page_id=1819","title":{"rendered":"Solceller"},"content":{"rendered":"<style>.kb-row-layout-id1819_9834e3-ef > .kt-row-column-wrap{align-content:start;}:where(.kb-row-layout-id1819_9834e3-ef > .kt-row-column-wrap) > .wp-block-kadence-column{justify-content:start;}.kb-row-layout-id1819_9834e3-ef > .kt-row-column-wrap{column-gap:var(--global-kb-gap-md, 2rem);row-gap:var(--global-kb-gap-md, 2rem);max-width:var( --global-content-width, 1290px );padding-left:var(--global-content-edge-padding);padding-right:var(--global-content-edge-padding);padding-top:225px;padding-bottom:25px;grid-template-columns:minmax(0, 1fr);}.kb-row-layout-id1819_9834e3-ef{background-image:url('http:\/\/media1.riggenkalmar.se\/2024\/03\/brf_riggen1-1.jpg');background-size:cover;background-position:50% 42%;background-attachment:scroll;background-repeat:no-repeat;}.kb-row-layout-id1819_9834e3-ef > .kt-row-layout-overlay{opacity:0.55;background-color:#242d2d;}@media all and (max-width: 1024px){.kb-row-layout-id1819_9834e3-ef > .kt-row-column-wrap{grid-template-columns:minmax(0, 1fr);}}@media all and (max-width: 767px){.kb-row-layout-id1819_9834e3-ef > .kt-row-column-wrap{grid-template-columns:minmax(0, 1fr);}}<\/style><div class=\"kb-row-layout-wrap kb-row-layout-id1819_9834e3-ef alignnone kt-row-has-bg wp-block-kadence-rowlayout\"><div class=\"kt-row-layout-overlay kt-row-overlay-normal\"><\/div><div class=\"kt-row-column-wrap kt-has-1-columns kt-row-layout-equal kt-tab-layout-inherit kt-mobile-layout-row kt-row-valign-top kb-theme-content-width\">\n<style>.kadence-column1819_e8681b-d7 > .kt-inside-inner-col,.kadence-column1819_e8681b-d7 > .kt-inside-inner-col:before{border-top-left-radius:0px;border-top-right-radius:0px;border-bottom-right-radius:0px;border-bottom-left-radius:0px;}.kadence-column1819_e8681b-d7 > .kt-inside-inner-col{column-gap:var(--global-kb-gap-sm, 1rem);}.kadence-column1819_e8681b-d7 > .kt-inside-inner-col{flex-direction:column;}.kadence-column1819_e8681b-d7 > .kt-inside-inner-col > .aligncenter{width:100%;}.kadence-column1819_e8681b-d7 > .kt-inside-inner-col:before{opacity:0.3;}.kadence-column1819_e8681b-d7{position:relative;}@media all and (max-width: 1024px){.kadence-column1819_e8681b-d7 > .kt-inside-inner-col{flex-direction:column;justify-content:center;}}@media all and (max-width: 767px){.kadence-column1819_e8681b-d7 > .kt-inside-inner-col{flex-direction:column;justify-content:center;}}<\/style>\n<div class=\"wp-block-kadence-column kadence-column1819_e8681b-d7 inner-column-1\"><div class=\"kt-inside-inner-col\"><style>.wp-block-kadence-advancedheading.kt-adv-heading1819_1c2f6f-61, .wp-block-kadence-advancedheading.kt-adv-heading1819_1c2f6f-61[data-kb-block=\"kb-adv-heading1819_1c2f6f-61\"]{font-size:65px;font-weight:700;font-style:normal;}.wp-block-kadence-advancedheading.kt-adv-heading1819_1c2f6f-61 mark.kt-highlight, .wp-block-kadence-advancedheading.kt-adv-heading1819_1c2f6f-61[data-kb-block=\"kb-adv-heading1819_1c2f6f-61\"] mark.kt-highlight{font-weight:normal;font-style:normal;color:#f76a0c;-webkit-box-decoration-break:clone;box-decoration-break:clone;padding-top:0px;padding-right:0px;padding-bottom:0px;padding-left:0px;}.wp-block-kadence-advancedheading.kt-adv-heading1819_1c2f6f-61 img.kb-inline-image, .wp-block-kadence-advancedheading.kt-adv-heading1819_1c2f6f-61[data-kb-block=\"kb-adv-heading1819_1c2f6f-61\"] img.kb-inline-image{width:150px;vertical-align:baseline;}@media all and (max-width: 1024px){.wp-block-kadence-advancedheading.kt-adv-heading1819_1c2f6f-61, .wp-block-kadence-advancedheading.kt-adv-heading1819_1c2f6f-61[data-kb-block=\"kb-adv-heading1819_1c2f6f-61\"]{font-size:45px;}}@media all and (max-width: 767px){.wp-block-kadence-advancedheading.kt-adv-heading1819_1c2f6f-61, .wp-block-kadence-advancedheading.kt-adv-heading1819_1c2f6f-61[data-kb-block=\"kb-adv-heading1819_1c2f6f-61\"]{font-size:35px;}}<\/style>\n<h1 class=\"kt-adv-heading1819_1c2f6f-61 wp-block-kadence-advancedheading has-theme-palette-9-color has-text-color\" data-kb-block=\"kb-adv-heading1819_1c2f6f-61\">Solceller<\/h1>\n<\/div><\/div>\n\n<\/div><\/div>\n\n<style>.kb-row-layout-id1819_3ba91a-db > .kt-row-column-wrap{align-content:start;}:where(.kb-row-layout-id1819_3ba91a-db > .kt-row-column-wrap) > .wp-block-kadence-column{justify-content:start;}.kb-row-layout-id1819_3ba91a-db > .kt-row-column-wrap{column-gap:var(--global-kb-gap-md, 2rem);row-gap:var(--global-kb-gap-md, 2rem);max-width:var( --global-content-width, 1290px );padding-left:var(--global-content-edge-padding);padding-right:var(--global-content-edge-padding);padding-top:85px;padding-bottom:25px;grid-template-columns:minmax(0, calc(65% - ((var(--global-kb-gap-md, 2rem) * 1 )\/2)))minmax(0, calc(35% - ((var(--global-kb-gap-md, 2rem) * 1 )\/2)));}.kb-row-layout-id1819_3ba91a-db > .kt-row-layout-overlay{opacity:0.30;}@media all and (max-width: 1024px){.kb-row-layout-id1819_3ba91a-db > .kt-row-column-wrap{grid-template-columns:minmax(0, 2fr) minmax(0, 1fr);}}@media all and (max-width: 767px){.kb-row-layout-id1819_3ba91a-db > .kt-row-column-wrap{grid-template-columns:minmax(0, 1fr);}}<\/style><div class=\"kb-row-layout-wrap kb-row-layout-id1819_3ba91a-db alignnone wp-block-kadence-rowlayout\"><div class=\"kt-row-column-wrap kt-has-2-columns kt-row-layout-left-golden kt-tab-layout-inherit kt-mobile-layout-row kt-row-valign-top kt-inner-column-height-full kb-theme-content-width\">\n<style>.kadence-column1819_81b97a-6b > .kt-inside-inner-col,.kadence-column1819_81b97a-6b > .kt-inside-inner-col:before{border-top-left-radius:0px;border-top-right-radius:0px;border-bottom-right-radius:0px;border-bottom-left-radius:0px;}.kadence-column1819_81b97a-6b > .kt-inside-inner-col{column-gap:var(--global-kb-gap-sm, 1rem);}.kadence-column1819_81b97a-6b > .kt-inside-inner-col{flex-direction:column;}.kadence-column1819_81b97a-6b > .kt-inside-inner-col > .aligncenter{width:100%;}.kadence-column1819_81b97a-6b > .kt-inside-inner-col:before{opacity:0.3;}.kadence-column1819_81b97a-6b{position:relative;}@media all and (max-width: 1024px){.kadence-column1819_81b97a-6b > .kt-inside-inner-col{flex-direction:column;justify-content:center;}}@media all and (max-width: 767px){.kadence-column1819_81b97a-6b > .kt-inside-inner-col{flex-direction:column;justify-content:center;}}<\/style>\n<div class=\"wp-block-kadence-column kadence-column1819_81b97a-6b inner-column-1\"><div class=\"kt-inside-inner-col\">\n<p>S\u00e5 h\u00e4r ser det ut p\u00e5 v\u00e5ra tak med solcellerna. <a href=\"http:\/\/www.riggenkalmar.se\/wp-content\/uploads\/2024\/06\/Bilder-solpaneler-2.pdf\">http:\/\/www.riggenkalmar.se\/wp-content\/uploads\/2024\/06\/Bilder-solpaneler-2.pdf<\/a><\/p>\n\n\n\n<figure class=\"wp-block-image size-large\"><img loading=\"lazy\" decoding=\"async\" width=\"1024\" height=\"576\" src=\"http:\/\/www.riggenkalmar.se\/wp-content\/uploads\/2024\/12\/maklarinformation-1-1024x576.jpg\" alt=\"\" class=\"wp-image-1906\" srcset=\"https:\/\/www.riggenkalmar.se\/wp-content\/uploads\/2024\/12\/maklarinformation-1-1024x576.jpg 1024w, https:\/\/www.riggenkalmar.se\/wp-content\/uploads\/2024\/12\/maklarinformation-1-300x169.jpg 300w, https:\/\/www.riggenkalmar.se\/wp-content\/uploads\/2024\/12\/maklarinformation-1-768x432.jpg 768w, https:\/\/www.riggenkalmar.se\/wp-content\/uploads\/2024\/12\/maklarinformation-1-1536x864.jpg 1536w, https:\/\/www.riggenkalmar.se\/wp-content\/uploads\/2024\/12\/maklarinformation-1-2048x1152.jpg 2048w\" sizes=\"auto, (max-width: 1024px) 100vw, 1024px\" \/><\/figure>\n\n\n\n<div data-wp-interactive=\"core\/file\" class=\"wp-block-file\"><object data-wp-bind--hidden=\"!state.hasPdfPreview\" hidden class=\"wp-block-file__embed\" data=\"http:\/\/www.riggenkalmar.se\/wp-content\/uploads\/2024\/04\/Solceller.pdf\" type=\"application\/pdf\" style=\"width:100%;height:600px\" aria-label=\"Inb\u00e4ddning av Solceller.\"><\/object><a id=\"wp-block-file--media-71dea328-016c-4939-9eca-6685355c30f4\" href=\"http:\/\/www.riggenkalmar.se\/wp-content\/uploads\/2024\/04\/Solceller.pdf\">Solceller<\/a><a href=\"http:\/\/www.riggenkalmar.se\/wp-content\/uploads\/2024\/04\/Solceller.pdf\" class=\"wp-block-file__button wp-element-button\" download aria-describedby=\"wp-block-file--media-71dea328-016c-4939-9eca-6685355c30f4\">Ladda ner<\/a><\/div>\n<\/div><\/div>\n\n\n<style>.kadence-column1819_f7d4c6-11 > .kt-inside-inner-col{padding-left:30px;}.kadence-column1819_f7d4c6-11 > .kt-inside-inner-col{border-left:1px solid var(--global-palette6, #718096);}.kadence-column1819_f7d4c6-11 > .kt-inside-inner-col,.kadence-column1819_f7d4c6-11 > .kt-inside-inner-col:before{border-top-left-radius:0px;border-top-right-radius:0px;border-bottom-right-radius:0px;border-bottom-left-radius:0px;}.kadence-column1819_f7d4c6-11 > .kt-inside-inner-col{column-gap:var(--global-kb-gap-sm, 1rem);}.kadence-column1819_f7d4c6-11 > .kt-inside-inner-col{flex-direction:column;}.kadence-column1819_f7d4c6-11 > .kt-inside-inner-col > .aligncenter{width:100%;}.kadence-column1819_f7d4c6-11 > .kt-inside-inner-col:before{opacity:0.3;}.kadence-column1819_f7d4c6-11 a{color:var(--global-palette4, #2D3748);}.kadence-column1819_f7d4c6-11 a:hover{color:var(--global-palette1, #3182CE);}.kadence-column1819_f7d4c6-11{position:relative;}@media all and (max-width: 1024px){.kadence-column1819_f7d4c6-11 > .kt-inside-inner-col{border-left:1px solid var(--global-palette6, #718096);flex-direction:column;justify-content:center;}}@media all and (max-width: 767px){.kadence-column1819_f7d4c6-11 > .kt-inside-inner-col{border-left:1px solid var(--global-palette6, #718096);flex-direction:column;justify-content:center;}}<\/style>\n<div class=\"wp-block-kadence-column kadence-column1819_f7d4c6-11 inner-column-2\"><div class=\"kt-inside-inner-col\"><style>.kb-row-layout-id1819_3169ce-24 > .kt-row-column-wrap{align-content:start;}:where(.kb-row-layout-id1819_3169ce-24 > .kt-row-column-wrap) > .wp-block-kadence-column{justify-content:start;}.kb-row-layout-id1819_3169ce-24 > .kt-row-column-wrap{column-gap:var(--global-kb-gap-md, 2rem);row-gap:var(--global-kb-gap-md, 2rem);padding-top:0px;padding-bottom:0px;grid-template-columns:minmax(0, 1fr);}.kb-row-layout-id1819_3169ce-24 > .kt-row-layout-overlay{opacity:0.30;}@media all and (max-width: 1024px){.kb-row-layout-id1819_3169ce-24 > .kt-row-column-wrap{grid-template-columns:minmax(0, 1fr);}}@media all and (max-width: 767px){.kb-row-layout-id1819_3169ce-24 > .kt-row-column-wrap{grid-template-columns:minmax(0, 1fr);}}<\/style><div class=\"kb-row-layout-wrap kb-row-layout-id1819_3169ce-24 alignnone wp-block-kadence-rowlayout\"><div class=\"kt-row-column-wrap kt-has-1-columns kt-row-layout-equal kt-tab-layout-inherit kt-mobile-layout-row kt-row-valign-top\">\n<style>.kadence-column1819_1cde38-5b > .kt-inside-inner-col{padding-top:20px;padding-right:30px;padding-bottom:20px;padding-left:30px;}.kadence-column1819_1cde38-5b > .kt-inside-inner-col,.kadence-column1819_1cde38-5b > .kt-inside-inner-col:before{border-top-left-radius:0px;border-top-right-radius:0px;border-bottom-right-radius:0px;border-bottom-left-radius:0px;}.kadence-column1819_1cde38-5b > .kt-inside-inner-col{column-gap:var(--global-kb-gap-sm, 1rem);}.kadence-column1819_1cde38-5b > .kt-inside-inner-col{flex-direction:column;}.kadence-column1819_1cde38-5b > .kt-inside-inner-col > .aligncenter{width:100%;}.kadence-column1819_1cde38-5b > .kt-inside-inner-col{background-color:var(--global-palette8, #F7FAFC);}.kadence-column1819_1cde38-5b > .kt-inside-inner-col:before{opacity:0.3;}.kadence-column1819_1cde38-5b{position:relative;}@media all and (max-width: 1024px){.kadence-column1819_1cde38-5b > .kt-inside-inner-col{flex-direction:column;justify-content:center;}}@media all and (max-width: 767px){.kadence-column1819_1cde38-5b > .kt-inside-inner-col{flex-direction:column;justify-content:center;}}<\/style>\n<div class=\"wp-block-kadence-column kadence-column1819_1cde38-5b\"><div class=\"kt-inside-inner-col\">\n<h3 class=\"wp-block-heading\">Kontakta oss<\/h3>\n\n\n\n<p>Brf Riggen<br>Utrustningskajen 11<br>392 51 Kalmar<\/p>\n\n\n\n<p><a href=\"mailto:info@riggenkalmar.se\">info@riggenkalmar.se<\/a><\/p>\n<\/div><\/div>\n\n<\/div><\/div><\/div><\/div>\n\n<\/div><\/div>","protected":false},"excerpt":{"rendered":"<p>Solceller S\u00e5 h\u00e4r ser det ut p\u00e5 v\u00e5ra tak med solcellerna. http:\/\/www.riggenkalmar.se\/wp-content\/uploads\/2024\/06\/Bilder-solpaneler-2.pdf Kontakta oss Brf RiggenUtrustningskajen 11392 51 Kalmar info@riggenkalmar.se<\/p>\n","protected":false},"author":1,"featured_media":1567,"parent":0,"menu_order":0,"comment_status":"closed","ping_status":"closed","template":"","meta":{"_kadence_starter_templates_imported_post":true,"_kad_post_transparent":"enable","_kad_post_title":"hide","_kad_post_layout":"fullwidth","_kad_post_sidebar_id":"","_kad_post_content_style":"unboxed","_kad_post_vertical_padding":"hide","_kad_post_feature":"","_kad_post_feature_position":"","_kad_post_header":false,"_kad_post_footer":false,"_kad_post_classname":"","footnotes":""},"class_list":["post-1819","page","type-page","status-publish","has-post-thumbnail","hentry"],"_links":{"self":[{"href":"https:\/\/www.riggenkalmar.se\/index.php?rest_route=\/wp\/v2\/pages\/1819","targetHints":{"allow":["GET"]}}],"collection":[{"href":"https:\/\/www.riggenkalmar.se\/index.php?rest_route=\/wp\/v2\/pages"}],"about":[{"href":"https:\/\/www.riggenkalmar.se\/index.php?rest_route=\/wp\/v2\/types\/page"}],"author":[{"embeddable":true,"href":"https:\/\/www.riggenkalmar.se\/index.php?rest_route=\/wp\/v2\/users\/1"}],"replies":[{"embeddable":true,"href":"https:\/\/www.riggenkalmar.se\/index.php?rest_route=%2Fwp%2Fv2%2Fcomments&post=1819"}],"version-history":[{"count":9,"href":"https:\/\/www.riggenkalmar.se\/index.php?rest_route=\/wp\/v2\/pages\/1819\/revisions"}],"predecessor-version":[{"id":1999,"href":"https:\/\/www.riggenkalmar.se\/index.php?rest_route=\/wp\/v2\/pages\/1819\/revisions\/1999"}],"wp:featuredmedia":[{"embeddable":true,"href":"https:\/\/www.riggenkalmar.se\/index.php?rest_route=\/wp\/v2\/media\/1567"}],"wp:attachment":[{"href":"https:\/\/www.riggenkalmar.se\/index.php?rest_route=%2Fwp%2Fv2%2Fmedia&parent=1819"}],"curies":[{"name":"wp","href":"https:\/\/api.w.org\/{rel}","templated":true}]}}