{"id":1710,"date":"2024-03-11T12:18:08","date_gmt":"2024-03-11T12:18:08","guid":{"rendered":"http:\/\/www.riggenkalmar.se\/?page_id=1710"},"modified":"2025-08-19T12:39:31","modified_gmt":"2025-08-19T12:39:31","slug":"om-oss","status":"publish","type":"page","link":"https:\/\/www.riggenkalmar.se\/?page_id=1710","title":{"rendered":"Om oss"},"content":{"rendered":"<style>.kb-row-layout-id1710_bc3660-eb > .kt-row-column-wrap{align-content:start;}:where(.kb-row-layout-id1710_bc3660-eb > .kt-row-column-wrap) > .wp-block-kadence-column{justify-content:start;}.kb-row-layout-id1710_bc3660-eb > .kt-row-column-wrap{column-gap:var(--global-kb-gap-md, 2rem);row-gap:var(--global-kb-gap-md, 2rem);max-width:var( --global-content-width, 1290px );padding-left:var(--global-content-edge-padding);padding-right:var(--global-content-edge-padding);padding-top:225px;padding-bottom:25px;grid-template-columns:minmax(0, 1fr);}.kb-row-layout-id1710_bc3660-eb{background-image:url('http:\/\/media1.riggenkalmar.se\/2024\/03\/brf_riggen1-1.jpg');background-size:cover;background-position:50% 42%;background-attachment:scroll;background-repeat:no-repeat;}.kb-row-layout-id1710_bc3660-eb > .kt-row-layout-overlay{opacity:0.55;background-color:#242d2d;}@media all and (max-width: 1024px){.kb-row-layout-id1710_bc3660-eb > .kt-row-column-wrap{grid-template-columns:minmax(0, 1fr);}}@media all and (max-width: 767px){.kb-row-layout-id1710_bc3660-eb > .kt-row-column-wrap{grid-template-columns:minmax(0, 1fr);}}<\/style><div class=\"kb-row-layout-wrap kb-row-layout-id1710_bc3660-eb alignnone kt-row-has-bg wp-block-kadence-rowlayout\"><div class=\"kt-row-layout-overlay kt-row-overlay-normal\"><\/div><div class=\"kt-row-column-wrap kt-has-1-columns kt-row-layout-equal kt-tab-layout-inherit kt-mobile-layout-row kt-row-valign-top kb-theme-content-width\">\n<style>.kadence-column1710_852a2a-24 > .kt-inside-inner-col,.kadence-column1710_852a2a-24 > .kt-inside-inner-col:before{border-top-left-radius:0px;border-top-right-radius:0px;border-bottom-right-radius:0px;border-bottom-left-radius:0px;}.kadence-column1710_852a2a-24 > .kt-inside-inner-col{column-gap:var(--global-kb-gap-sm, 1rem);}.kadence-column1710_852a2a-24 > .kt-inside-inner-col{flex-direction:column;}.kadence-column1710_852a2a-24 > .kt-inside-inner-col > .aligncenter{width:100%;}.kadence-column1710_852a2a-24 > .kt-inside-inner-col:before{opacity:0.3;}.kadence-column1710_852a2a-24{position:relative;}@media all and (max-width: 1024px){.kadence-column1710_852a2a-24 > .kt-inside-inner-col{flex-direction:column;justify-content:center;}}@media all and (max-width: 767px){.kadence-column1710_852a2a-24 > .kt-inside-inner-col{flex-direction:column;justify-content:center;}}<\/style>\n<div class=\"wp-block-kadence-column kadence-column1710_852a2a-24 inner-column-1\"><div class=\"kt-inside-inner-col\"><style>.wp-block-kadence-advancedheading.kt-adv-heading1710_19a3ca-d1, .wp-block-kadence-advancedheading.kt-adv-heading1710_19a3ca-d1[data-kb-block=\"kb-adv-heading1710_19a3ca-d1\"]{font-size:65px;font-weight:700;font-style:normal;}.wp-block-kadence-advancedheading.kt-adv-heading1710_19a3ca-d1 mark.kt-highlight, .wp-block-kadence-advancedheading.kt-adv-heading1710_19a3ca-d1[data-kb-block=\"kb-adv-heading1710_19a3ca-d1\"] mark.kt-highlight{font-weight:normal;font-style:normal;color:#f76a0c;-webkit-box-decoration-break:clone;box-decoration-break:clone;padding-top:0px;padding-right:0px;padding-bottom:0px;padding-left:0px;}.wp-block-kadence-advancedheading.kt-adv-heading1710_19a3ca-d1 img.kb-inline-image, .wp-block-kadence-advancedheading.kt-adv-heading1710_19a3ca-d1[data-kb-block=\"kb-adv-heading1710_19a3ca-d1\"] img.kb-inline-image{width:150px;vertical-align:baseline;}@media all and (max-width: 1024px){.wp-block-kadence-advancedheading.kt-adv-heading1710_19a3ca-d1, .wp-block-kadence-advancedheading.kt-adv-heading1710_19a3ca-d1[data-kb-block=\"kb-adv-heading1710_19a3ca-d1\"]{font-size:45px;}}@media all and (max-width: 767px){.wp-block-kadence-advancedheading.kt-adv-heading1710_19a3ca-d1, .wp-block-kadence-advancedheading.kt-adv-heading1710_19a3ca-d1[data-kb-block=\"kb-adv-heading1710_19a3ca-d1\"]{font-size:35px;}}<\/style>\n<h1 class=\"kt-adv-heading1710_19a3ca-d1 wp-block-kadence-advancedheading has-theme-palette-9-color has-text-color\" data-kb-block=\"kb-adv-heading1710_19a3ca-d1\">Om Brf Riggen 1<\/h1>\n<\/div><\/div>\n\n<\/div><\/div>\n\n<style>.kb-row-layout-id1710_f09d9b-9e > .kt-row-column-wrap{align-content:start;}:where(.kb-row-layout-id1710_f09d9b-9e > .kt-row-column-wrap) > .wp-block-kadence-column{justify-content:start;}.kb-row-layout-id1710_f09d9b-9e > .kt-row-column-wrap{column-gap:var(--global-kb-gap-md, 2rem);row-gap:var(--global-kb-gap-md, 2rem);max-width:var( --global-content-width, 1290px );padding-left:var(--global-content-edge-padding);padding-right:var(--global-content-edge-padding);padding-top:85px;padding-bottom:25px;grid-template-columns:minmax(0, calc(65% - ((var(--global-kb-gap-md, 2rem) * 1 )\/2)))minmax(0, calc(35% - ((var(--global-kb-gap-md, 2rem) * 1 )\/2)));}.kb-row-layout-id1710_f09d9b-9e > .kt-row-layout-overlay{opacity:0.30;}@media all and (max-width: 1024px){.kb-row-layout-id1710_f09d9b-9e > .kt-row-column-wrap{grid-template-columns:minmax(0, 2fr) minmax(0, 1fr);}}@media all and (max-width: 767px){.kb-row-layout-id1710_f09d9b-9e > .kt-row-column-wrap{grid-template-columns:minmax(0, 1fr);}}<\/style><div class=\"kb-row-layout-wrap kb-row-layout-id1710_f09d9b-9e alignnone wp-block-kadence-rowlayout\"><div class=\"kt-row-column-wrap kt-has-2-columns kt-row-layout-left-golden kt-tab-layout-inherit kt-mobile-layout-row kt-row-valign-top kt-inner-column-height-full kb-theme-content-width\">\n<style>.kadence-column1710_924722-0d > .kt-inside-inner-col,.kadence-column1710_924722-0d > .kt-inside-inner-col:before{border-top-left-radius:0px;border-top-right-radius:0px;border-bottom-right-radius:0px;border-bottom-left-radius:0px;}.kadence-column1710_924722-0d > .kt-inside-inner-col{column-gap:var(--global-kb-gap-sm, 1rem);}.kadence-column1710_924722-0d > .kt-inside-inner-col{flex-direction:column;}.kadence-column1710_924722-0d > .kt-inside-inner-col > .aligncenter{width:100%;}.kadence-column1710_924722-0d > .kt-inside-inner-col:before{opacity:0.3;}.kadence-column1710_924722-0d{position:relative;}@media all and (max-width: 1024px){.kadence-column1710_924722-0d > .kt-inside-inner-col{flex-direction:column;justify-content:center;}}@media all and (max-width: 767px){.kadence-column1710_924722-0d > .kt-inside-inner-col{flex-direction:column;justify-content:center;}}<\/style>\n<div class=\"wp-block-kadence-column kadence-column1710_924722-0d inner-column-1\"><div class=\"kt-inside-inner-col\">\n<h3 class=\"wp-block-heading\">Bostadsr\u00e4ttsf\u00f6reningen Riggen 1 i Kalmar<\/h3>\n\n\n\n<p>Bostadsr\u00e4ttsf\u00f6reningen Riggen 1 i Kalmar \u00e4r en f\u00f6rening som innefattar fem olika huskroppar runt en trevlig innerg\u00e5rd. Tre med adress Utrustningskajen och tv\u00e5 med adress Varvsgatan. H\u00e4r finns totalt 59 bostadsr\u00e4tter och under innerg\u00e5rden finns ett gemensamt garage med en garageplats per l\u00e4genhet samt ett v\u00e4l tilltaget milj\u00f6rum. I varje huskropp finns ett eget f\u00f6rr\u00e5dsutrymme samt ett stort cykelgarage vilket \u00e4r gemensamt f\u00f6r l\u00e4genheterna i just det huset.<\/p>\n\n\n\n<p>En bostadsr\u00e4ttsf\u00f6rening \u00e4r en ekonomisk f\u00f6rening vars syfte \u00e4r att uppl\u00e5ta l\u00e4genheter med bostadsr\u00e4tt i f\u00f6reningens fastigheter. Bostadsr\u00e4tt \u00e4r en nyttjander\u00e4tt som man \u00e4ger kollektiv tillsammans med andra bostadsr\u00e4ttshavare i f\u00f6reningen.&nbsp; F\u00f6reningen \u00e4r allts\u00e5 rent juridiskt \u00e4gare till l\u00e4genheterna vilket medf\u00f6r att det \u00e4r f\u00f6reningen som avg\u00f6r hur man som enskild innehavare f\u00e5r f\u00f6rfara med sin l\u00e4genhet. Mycket av detta finns beskrivet i f\u00f6reningens stadgar, ett viktigt dokument som reglerar ansvarsf\u00f6rdelningen mellan f\u00f6reningen och medlemmen, samt s\u00e4tter reglerna f\u00f6r hur man lever och verkar i Brf Riggen 1 i Kalmar. I detta avseende skiljer sig bostadsr\u00e4tter v\u00e4sentligt fr\u00e5n s.k. \u201d\u00e4garl\u00e4genheter\u201d, d\u00e4r \u00e4garen har en full r\u00e4tt att best\u00e4mma \u00f6ver sin l\u00e4genhet.<\/p>\n\n\n\n<p>F\u00f6reningen styrs i en helt demokratisk anda och medlemmarna har en r\u00f6st per l\u00e4genhet. F\u00f6reningsst\u00e4mman d\u00e4r medlemmarna kan uttrycka sin \u00e5sikt och p\u00e5verkan \u00e4r f\u00f6reningens h\u00f6gsta beslutande organ.<\/p>\n<\/div><\/div>\n\n\n<style>.kadence-column1710_27f3c5-f3 > .kt-inside-inner-col{padding-left:30px;}.kadence-column1710_27f3c5-f3 > .kt-inside-inner-col{border-left:1px solid var(--global-palette6, #718096);}.kadence-column1710_27f3c5-f3 > .kt-inside-inner-col,.kadence-column1710_27f3c5-f3 > .kt-inside-inner-col:before{border-top-left-radius:0px;border-top-right-radius:0px;border-bottom-right-radius:0px;border-bottom-left-radius:0px;}.kadence-column1710_27f3c5-f3 > .kt-inside-inner-col{column-gap:var(--global-kb-gap-sm, 1rem);}.kadence-column1710_27f3c5-f3 > .kt-inside-inner-col{flex-direction:column;}.kadence-column1710_27f3c5-f3 > .kt-inside-inner-col > .aligncenter{width:100%;}.kadence-column1710_27f3c5-f3 > .kt-inside-inner-col:before{opacity:0.3;}.kadence-column1710_27f3c5-f3 a{color:var(--global-palette4, #2D3748);}.kadence-column1710_27f3c5-f3 a:hover{color:var(--global-palette1, #3182CE);}.kadence-column1710_27f3c5-f3{position:relative;}@media all and (max-width: 1024px){.kadence-column1710_27f3c5-f3 > .kt-inside-inner-col{border-left:1px solid var(--global-palette6, #718096);flex-direction:column;justify-content:center;}}@media all and (max-width: 767px){.kadence-column1710_27f3c5-f3 > .kt-inside-inner-col{border-left:1px solid var(--global-palette6, #718096);flex-direction:column;justify-content:center;}}<\/style>\n<div class=\"wp-block-kadence-column kadence-column1710_27f3c5-f3 inner-column-2\"><div class=\"kt-inside-inner-col\"><style>.kb-row-layout-id1710_04492d-c3 > .kt-row-column-wrap{align-content:start;}:where(.kb-row-layout-id1710_04492d-c3 > .kt-row-column-wrap) > .wp-block-kadence-column{justify-content:start;}.kb-row-layout-id1710_04492d-c3 > .kt-row-column-wrap{column-gap:var(--global-kb-gap-md, 2rem);row-gap:var(--global-kb-gap-md, 2rem);padding-top:0px;padding-bottom:0px;grid-template-columns:minmax(0, 1fr);}.kb-row-layout-id1710_04492d-c3 > .kt-row-layout-overlay{opacity:0.30;}@media all and (max-width: 1024px){.kb-row-layout-id1710_04492d-c3 > .kt-row-column-wrap{grid-template-columns:minmax(0, 1fr);}}@media all and (max-width: 767px){.kb-row-layout-id1710_04492d-c3 > .kt-row-column-wrap{grid-template-columns:minmax(0, 1fr);}}<\/style><div class=\"kb-row-layout-wrap kb-row-layout-id1710_04492d-c3 alignnone wp-block-kadence-rowlayout\"><div class=\"kt-row-column-wrap kt-has-1-columns kt-row-layout-equal kt-tab-layout-inherit kt-mobile-layout-row kt-row-valign-top\">\n<style>.kadence-column1710_c0501d-3d > .kt-inside-inner-col{padding-top:20px;padding-right:30px;padding-bottom:20px;padding-left:30px;}.kadence-column1710_c0501d-3d > .kt-inside-inner-col,.kadence-column1710_c0501d-3d > .kt-inside-inner-col:before{border-top-left-radius:0px;border-top-right-radius:0px;border-bottom-right-radius:0px;border-bottom-left-radius:0px;}.kadence-column1710_c0501d-3d > .kt-inside-inner-col{column-gap:var(--global-kb-gap-sm, 1rem);}.kadence-column1710_c0501d-3d > .kt-inside-inner-col{flex-direction:column;}.kadence-column1710_c0501d-3d > .kt-inside-inner-col > .aligncenter{width:100%;}.kadence-column1710_c0501d-3d > .kt-inside-inner-col{background-color:var(--global-palette8, #F7FAFC);}.kadence-column1710_c0501d-3d > .kt-inside-inner-col:before{opacity:0.3;}.kadence-column1710_c0501d-3d{position:relative;}@media all and (max-width: 1024px){.kadence-column1710_c0501d-3d > .kt-inside-inner-col{flex-direction:column;justify-content:center;}}@media all and (max-width: 767px){.kadence-column1710_c0501d-3d > .kt-inside-inner-col{flex-direction:column;justify-content:center;}}<\/style>\n<div class=\"wp-block-kadence-column kadence-column1710_c0501d-3d\"><div class=\"kt-inside-inner-col\">\n<h3 class=\"wp-block-heading\">Kontakta oss<\/h3>\n\n\n\n<p>Brf Riggen<br>Utrustningskajen 11<br>392 51 Kalmar<\/p>\n\n\n\n<p><a href=\"mailto:info@riggenkalmar.se\">info@riggenkalmar.se<\/a><\/p>\n<\/div><\/div>\n\n<\/div><\/div><\/div><\/div>\n\n<\/div><\/div>","protected":false},"excerpt":{"rendered":"<p>Om Brf Riggen 1 Bostadsr\u00e4ttsf\u00f6reningen Riggen 1 i Kalmar Bostadsr\u00e4ttsf\u00f6reningen Riggen 1 i Kalmar \u00e4r en f\u00f6rening som innefattar fem olika huskroppar runt en trevlig innerg\u00e5rd. Tre med adress Utrustningskajen och tv\u00e5 med adress Varvsgatan. H\u00e4r finns totalt 59 bostadsr\u00e4tter och under innerg\u00e5rden finns ett gemensamt garage med en garageplats per l\u00e4genhet samt ett v\u00e4l&#8230;<\/p>\n","protected":false},"author":1,"featured_media":1567,"parent":0,"menu_order":0,"comment_status":"closed","ping_status":"closed","template":"","meta":{"_kadence_starter_templates_imported_post":true,"_kad_post_transparent":"enable","_kad_post_title":"hide","_kad_post_layout":"fullwidth","_kad_post_sidebar_id":"","_kad_post_content_style":"unboxed","_kad_post_vertical_padding":"hide","_kad_post_feature":"","_kad_post_feature_position":"","_kad_post_header":false,"_kad_post_footer":false,"_kad_post_classname":"","footnotes":""},"class_list":["post-1710","page","type-page","status-publish","has-post-thumbnail","hentry"],"_links":{"self":[{"href":"https:\/\/www.riggenkalmar.se\/index.php?rest_route=\/wp\/v2\/pages\/1710","targetHints":{"allow":["GET"]}}],"collection":[{"href":"https:\/\/www.riggenkalmar.se\/index.php?rest_route=\/wp\/v2\/pages"}],"about":[{"href":"https:\/\/www.riggenkalmar.se\/index.php?rest_route=\/wp\/v2\/types\/page"}],"author":[{"embeddable":true,"href":"https:\/\/www.riggenkalmar.se\/index.php?rest_route=\/wp\/v2\/users\/1"}],"replies":[{"embeddable":true,"href":"https:\/\/www.riggenkalmar.se\/index.php?rest_route=%2Fwp%2Fv2%2Fcomments&post=1710"}],"version-history":[{"count":6,"href":"https:\/\/www.riggenkalmar.se\/index.php?rest_route=\/wp\/v2\/pages\/1710\/revisions"}],"predecessor-version":[{"id":2003,"href":"https:\/\/www.riggenkalmar.se\/index.php?rest_route=\/wp\/v2\/pages\/1710\/revisions\/2003"}],"wp:featuredmedia":[{"embeddable":true,"href":"https:\/\/www.riggenkalmar.se\/index.php?rest_route=\/wp\/v2\/media\/1567"}],"wp:attachment":[{"href":"https:\/\/www.riggenkalmar.se\/index.php?rest_route=%2Fwp%2Fv2%2Fmedia&parent=1710"}],"curies":[{"name":"wp","href":"https:\/\/api.w.org\/{rel}","templated":true}]}}