{"id":1455,"date":"2024-08-11T14:57:01","date_gmt":"2024-08-11T14:57:01","guid":{"rendered":"https:\/\/startertemplatecloud.com\/g01\/?page_id=1455"},"modified":"2025-08-19T12:38:09","modified_gmt":"2025-08-19T12:38:09","slug":"kontaktaoss","status":"publish","type":"page","link":"https:\/\/www.riggenkalmar.se\/?page_id=1455","title":{"rendered":"Kontakta oss"},"content":{"rendered":"<style>.kb-row-layout-id1455_a250f3-9c > .kt-row-column-wrap{align-content:start;}:where(.kb-row-layout-id1455_a250f3-9c > .kt-row-column-wrap) > .wp-block-kadence-column{justify-content:start;}.kb-row-layout-id1455_a250f3-9c > .kt-row-column-wrap{column-gap:var(--global-kb-gap-md, 2rem);row-gap:var(--global-kb-gap-md, 2rem);max-width:var( --global-content-width, 1290px );padding-left:var(--global-content-edge-padding);padding-right:var(--global-content-edge-padding);padding-top:225px;padding-bottom:25px;grid-template-columns:minmax(0, 1fr);}.kb-row-layout-id1455_a250f3-9c{background-image:url('http:\/\/media1.riggenkalmar.se\/2024\/03\/brf_riggen1-1.jpg');background-size:cover;background-position:50% 42%;background-attachment:scroll;background-repeat:no-repeat;}.kb-row-layout-id1455_a250f3-9c > .kt-row-layout-overlay{opacity:0.55;background-color:#242d2d;}@media all and (max-width: 1024px){.kb-row-layout-id1455_a250f3-9c > .kt-row-column-wrap{grid-template-columns:minmax(0, 1fr);}}@media all and (max-width: 767px){.kb-row-layout-id1455_a250f3-9c > .kt-row-column-wrap{grid-template-columns:minmax(0, 1fr);}}<\/style><div class=\"kb-row-layout-wrap kb-row-layout-id1455_a250f3-9c alignnone kt-row-has-bg wp-block-kadence-rowlayout\"><div class=\"kt-row-layout-overlay kt-row-overlay-normal\"><\/div><div class=\"kt-row-column-wrap kt-has-1-columns kt-row-layout-equal kt-tab-layout-inherit kt-mobile-layout-row kt-row-valign-top kb-theme-content-width\">\n<style>.kadence-column1455_cf59df-35 > .kt-inside-inner-col,.kadence-column1455_cf59df-35 > .kt-inside-inner-col:before{border-top-left-radius:0px;border-top-right-radius:0px;border-bottom-right-radius:0px;border-bottom-left-radius:0px;}.kadence-column1455_cf59df-35 > .kt-inside-inner-col{column-gap:var(--global-kb-gap-sm, 1rem);}.kadence-column1455_cf59df-35 > .kt-inside-inner-col{flex-direction:column;}.kadence-column1455_cf59df-35 > .kt-inside-inner-col > .aligncenter{width:100%;}.kadence-column1455_cf59df-35 > .kt-inside-inner-col:before{opacity:0.3;}.kadence-column1455_cf59df-35{position:relative;}@media all and (max-width: 1024px){.kadence-column1455_cf59df-35 > .kt-inside-inner-col{flex-direction:column;justify-content:center;}}@media all and (max-width: 767px){.kadence-column1455_cf59df-35 > .kt-inside-inner-col{flex-direction:column;justify-content:center;}}<\/style>\n<div class=\"wp-block-kadence-column kadence-column1455_cf59df-35 inner-column-1\"><div class=\"kt-inside-inner-col\"><style>.wp-block-kadence-advancedheading.kt-adv-heading1455_8dd261-43, .wp-block-kadence-advancedheading.kt-adv-heading1455_8dd261-43[data-kb-block=\"kb-adv-heading1455_8dd261-43\"]{font-size:65px;font-weight:700;font-style:normal;color:#ffffff;}.wp-block-kadence-advancedheading.kt-adv-heading1455_8dd261-43 mark.kt-highlight, .wp-block-kadence-advancedheading.kt-adv-heading1455_8dd261-43[data-kb-block=\"kb-adv-heading1455_8dd261-43\"] mark.kt-highlight{font-weight:normal;font-style:normal;color:#f76a0c;-webkit-box-decoration-break:clone;box-decoration-break:clone;padding-top:0px;padding-right:0px;padding-bottom:0px;padding-left:0px;}.wp-block-kadence-advancedheading.kt-adv-heading1455_8dd261-43 img.kb-inline-image, .wp-block-kadence-advancedheading.kt-adv-heading1455_8dd261-43[data-kb-block=\"kb-adv-heading1455_8dd261-43\"] img.kb-inline-image{width:150px;vertical-align:baseline;}@media all and (max-width: 1024px){.wp-block-kadence-advancedheading.kt-adv-heading1455_8dd261-43, .wp-block-kadence-advancedheading.kt-adv-heading1455_8dd261-43[data-kb-block=\"kb-adv-heading1455_8dd261-43\"]{font-size:45px;}}@media all and (max-width: 767px){.wp-block-kadence-advancedheading.kt-adv-heading1455_8dd261-43, .wp-block-kadence-advancedheading.kt-adv-heading1455_8dd261-43[data-kb-block=\"kb-adv-heading1455_8dd261-43\"]{font-size:35px;}}<\/style>\n<h1 class=\"kt-adv-heading1455_8dd261-43 wp-block-kadence-advancedheading\" data-kb-block=\"kb-adv-heading1455_8dd261-43\">Kontakta oss<\/h1>\n<\/div><\/div>\n\n<\/div><\/div>\n\n<style>.kb-row-layout-id1455_85e145-95 > .kt-row-column-wrap{align-content:start;}:where(.kb-row-layout-id1455_85e145-95 > .kt-row-column-wrap) > .wp-block-kadence-column{justify-content:start;}.kb-row-layout-id1455_85e145-95 > .kt-row-column-wrap{column-gap:var(--global-kb-gap-md, 2rem);row-gap:var(--global-kb-gap-md, 2rem);max-width:var( --global-content-width, 1290px );padding-left:var(--global-content-edge-padding);padding-right:var(--global-content-edge-padding);padding-top:42px;padding-bottom:25px;grid-template-columns:minmax(0, 1fr);}.kb-row-layout-id1455_85e145-95 > .kt-row-layout-overlay{opacity:0.30;}@media all and (max-width: 1024px){.kb-row-layout-id1455_85e145-95 > .kt-row-column-wrap{grid-template-columns:minmax(0, 1fr);}}@media all and (max-width: 767px){.kb-row-layout-id1455_85e145-95 > .kt-row-column-wrap{grid-template-columns:minmax(0, 1fr);}}<\/style><div class=\"kb-row-layout-wrap kb-row-layout-id1455_85e145-95 alignnone wp-block-kadence-rowlayout\"><div class=\"kt-row-column-wrap kt-has-1-columns kt-row-layout-equal kt-tab-layout-inherit kt-mobile-layout-row kt-row-valign-top kb-theme-content-width\">\n<style>.kadence-column1455_461418-a2 > .kt-inside-inner-col,.kadence-column1455_461418-a2 > .kt-inside-inner-col:before{border-top-left-radius:0px;border-top-right-radius:0px;border-bottom-right-radius:0px;border-bottom-left-radius:0px;}.kadence-column1455_461418-a2 > .kt-inside-inner-col{column-gap:var(--global-kb-gap-sm, 1rem);}.kadence-column1455_461418-a2 > .kt-inside-inner-col{flex-direction:column;}.kadence-column1455_461418-a2 > .kt-inside-inner-col > .aligncenter{width:100%;}.kadence-column1455_461418-a2 > .kt-inside-inner-col:before{opacity:0.3;}.kadence-column1455_461418-a2{position:relative;}@media all and (max-width: 1024px){.kadence-column1455_461418-a2 > .kt-inside-inner-col{flex-direction:column;justify-content:center;}}@media all and (max-width: 767px){.kadence-column1455_461418-a2 > .kt-inside-inner-col{flex-direction:column;justify-content:center;}}<\/style>\n<div class=\"wp-block-kadence-column kadence-column1455_461418-a2 inner-column-1\"><div class=\"kt-inside-inner-col\"><style>.wp-block-kadence-advancedheading.kt-adv-heading1455_41a3bb-a3, .wp-block-kadence-advancedheading.kt-adv-heading1455_41a3bb-a3[data-kb-block=\"kb-adv-heading1455_41a3bb-a3\"]{font-size:35px;font-weight:400;font-style:normal;}.wp-block-kadence-advancedheading.kt-adv-heading1455_41a3bb-a3 mark.kt-highlight, .wp-block-kadence-advancedheading.kt-adv-heading1455_41a3bb-a3[data-kb-block=\"kb-adv-heading1455_41a3bb-a3\"] mark.kt-highlight{font-weight:normal;font-style:normal;color:#f76a0c;-webkit-box-decoration-break:clone;box-decoration-break:clone;padding-top:0px;padding-right:0px;padding-bottom:0px;padding-left:0px;}.wp-block-kadence-advancedheading.kt-adv-heading1455_41a3bb-a3 img.kb-inline-image, .wp-block-kadence-advancedheading.kt-adv-heading1455_41a3bb-a3[data-kb-block=\"kb-adv-heading1455_41a3bb-a3\"] img.kb-inline-image{width:150px;vertical-align:baseline;}@media all and (max-width: 1024px){.wp-block-kadence-advancedheading.kt-adv-heading1455_41a3bb-a3, .wp-block-kadence-advancedheading.kt-adv-heading1455_41a3bb-a3[data-kb-block=\"kb-adv-heading1455_41a3bb-a3\"]{font-size:25px;}}@media all and (max-width: 767px){.wp-block-kadence-advancedheading.kt-adv-heading1455_41a3bb-a3, .wp-block-kadence-advancedheading.kt-adv-heading1455_41a3bb-a3[data-kb-block=\"kb-adv-heading1455_41a3bb-a3\"]{font-size:25px;}}<\/style>\n<h2 class=\"kt-adv-heading1455_41a3bb-a3 wp-block-kadence-advancedheading\" data-kb-block=\"kb-adv-heading1455_41a3bb-a3\">Har du n\u00e5gra fr\u00e5gor?<\/h2>\n<\/div><\/div>\n\n<\/div><\/div>\n\n<style>.kb-row-layout-id1455_3f6de4-c9 > .kt-row-column-wrap{align-content:start;}:where(.kb-row-layout-id1455_3f6de4-c9 > .kt-row-column-wrap) > .wp-block-kadence-column{justify-content:start;}.kb-row-layout-id1455_3f6de4-c9 > .kt-row-column-wrap{column-gap:80px;row-gap:var(--global-kb-gap-md, 2rem);max-width:var( --global-content-width, 1290px );padding-left:var(--global-content-edge-padding);padding-right:var(--global-content-edge-padding);padding-top:25px;padding-bottom:25px;grid-template-columns:repeat(2, minmax(0, 1fr));}.kb-row-layout-id1455_3f6de4-c9 > .kt-row-layout-overlay{opacity:0.30;}@media all and (max-width: 1024px){.kb-row-layout-id1455_3f6de4-c9 > .kt-row-column-wrap{grid-template-columns:repeat(2, minmax(0, 1fr));}}@media all and (max-width: 767px){.kb-row-layout-id1455_3f6de4-c9 > .kt-row-column-wrap{grid-template-columns:minmax(0, 1fr);}}<\/style><div class=\"kb-row-layout-wrap kb-row-layout-id1455_3f6de4-c9 alignnone wp-block-kadence-rowlayout\"><div class=\"kt-row-column-wrap kt-has-2-columns kt-row-layout-equal kt-tab-layout-inherit kt-mobile-layout-row kt-row-valign-top kb-theme-content-width\">\n<style>.kadence-column1455_eff3bc-2d > .kt-inside-inner-col,.kadence-column1455_eff3bc-2d > .kt-inside-inner-col:before{border-top-left-radius:0px;border-top-right-radius:0px;border-bottom-right-radius:0px;border-bottom-left-radius:0px;}.kadence-column1455_eff3bc-2d > .kt-inside-inner-col{column-gap:var(--global-kb-gap-sm, 1rem);}.kadence-column1455_eff3bc-2d > .kt-inside-inner-col{flex-direction:column;}.kadence-column1455_eff3bc-2d > .kt-inside-inner-col > .aligncenter{width:100%;}.kadence-column1455_eff3bc-2d > .kt-inside-inner-col:before{opacity:0.3;}.kadence-column1455_eff3bc-2d{position:relative;}@media all and (max-width: 1024px){.kadence-column1455_eff3bc-2d > .kt-inside-inner-col{flex-direction:column;justify-content:center;}}@media all and (max-width: 767px){.kadence-column1455_eff3bc-2d > .kt-inside-inner-col{flex-direction:column;justify-content:center;}}<\/style>\n<div class=\"wp-block-kadence-column kadence-column1455_eff3bc-2d kb-section-dir-vertical inner-column-1\"><div class=\"kt-inside-inner-col\"><style>.wp-block-kadence-advancedheading.kt-adv-heading1455_5cc67c-cc, .wp-block-kadence-advancedheading.kt-adv-heading1455_5cc67c-cc[data-kb-block=\"kb-adv-heading1455_5cc67c-cc\"]{font-size:25px;font-weight:normal;font-style:normal;}.wp-block-kadence-advancedheading.kt-adv-heading1455_5cc67c-cc mark.kt-highlight, .wp-block-kadence-advancedheading.kt-adv-heading1455_5cc67c-cc[data-kb-block=\"kb-adv-heading1455_5cc67c-cc\"] mark.kt-highlight{font-weight:normal;font-style:normal;color:#f76a0c;-webkit-box-decoration-break:clone;box-decoration-break:clone;padding-top:0px;padding-right:0px;padding-bottom:0px;padding-left:0px;}.wp-block-kadence-advancedheading.kt-adv-heading1455_5cc67c-cc img.kb-inline-image, .wp-block-kadence-advancedheading.kt-adv-heading1455_5cc67c-cc[data-kb-block=\"kb-adv-heading1455_5cc67c-cc\"] img.kb-inline-image{width:150px;vertical-align:baseline;}<\/style>\n<h3 class=\"kt-adv-heading1455_5cc67c-cc wp-block-kadence-advancedheading\" data-kb-block=\"kb-adv-heading1455_5cc67c-cc\">V\u00e5r adress<\/h3>\n\n\n\n<p><strong>Brf Riggen<\/strong><br>Utrustningskajen 11<br>392 51 Kalmar<\/p>\n\n\n\n<p><a href=\"mailto:info@riggenkalmar.se\">info@riggenkalmar.se<\/a><\/p>\n\n\n\n<p><strong>F\u00f6reningens  styrelse best\u00e5r av:<\/strong><br>Hel\u00e9n Fredriksson &#8211; Ordf\u00f6rande<br>Peter Fernlund &#8211; Teknikansvarig<br>Carina Jarleng &#8211; Sekreterare<br>Thomas Palm &#8211; Teknikansvarig<br>Lotta Sundstr\u00f6m &#8211; Registeransvarig<\/p>\n\n\n\n<p><\/p>\n\n\n\n<p><\/p>\n\n\n\n<p><strong>Trivselgruppen:<\/strong><br><a href=\"mailto:trivsel@riggenkalmar.se\">trivsel@riggenkalmar.se<\/a><\/p>\n\n\n\n<p><strong>Grannsamverkan:<\/strong> <a href=\"mailto: grannsamverkan@riggenkalmar.se\">grannsamverkan@riggenkalmar.se<\/a><\/p>\n<\/div><\/div>\n\n\n<style>.kadence-column1455_73443b-7a > .kt-inside-inner-col,.kadence-column1455_73443b-7a > .kt-inside-inner-col:before{border-top-left-radius:0px;border-top-right-radius:0px;border-bottom-right-radius:0px;border-bottom-left-radius:0px;}.kadence-column1455_73443b-7a > .kt-inside-inner-col{column-gap:var(--global-kb-gap-sm, 1rem);}.kadence-column1455_73443b-7a > .kt-inside-inner-col{flex-direction:column;}.kadence-column1455_73443b-7a > .kt-inside-inner-col > .aligncenter{width:100%;}.kadence-column1455_73443b-7a > .kt-inside-inner-col:before{opacity:0.3;}.kadence-column1455_73443b-7a{position:relative;}@media all and (max-width: 1024px){.kadence-column1455_73443b-7a > .kt-inside-inner-col{flex-direction:column;justify-content:center;}}@media all and (max-width: 767px){.kadence-column1455_73443b-7a > .kt-inside-inner-col{flex-direction:column;justify-content:center;}}<\/style>\n<div class=\"wp-block-kadence-column kadence-column1455_73443b-7a\"><div class=\"kt-inside-inner-col\"><style>.kb-google-maps-container1455_1a96e6-9e{height:450px;}<\/style><div class=\"kb-google-maps-container kb-google-maps-container1455_1a96e6-9e  wp-block-kadence-googlemaps\" data-mapid=\"1455_1a96e69e\"><iframe width=\"100%\" height=\"100%\"\n\t\t\t\t\t\t\tstyle=\"border:0\" loading=\"lazy\"\n\t\t\t\t\t\t\tsrc=\"https:\/\/www.google.com\/maps\/embed\/v1\/place?key=AIzaSyBAM2o7PiQqwk15LC1XRH2e_KJ-jUa7KYk&#038;zoom=11&#038;maptype=roadmap&#038;q=Utrustningskajen+11\"\n\t\t\t\t\t\t\ttitle=\"Google map of Utrustningskajen 11\"><\/iframe><\/div><script>function kb_google_map1455_1a96e69e() { let center = { lat: 37.8201, lng: -122.4781}; let map = new google.maps.Map(document.getElementById(\"kb-google-map1455_1a96e69e\"), {\n\t\t\t\t\t    zoom: 11,\n\t\t\t\t\t    center: center,});let marker = new google.maps.Marker({   position: { lat: 37.8201, lng: -122.4781},    map: map,  });}<\/script><\/div><\/div>\n\n<\/div><\/div>\n\n<style>.kb-row-layout-id1455_a04f13-ac > .kt-row-column-wrap{align-content:start;}:where(.kb-row-layout-id1455_a04f13-ac > .kt-row-column-wrap) > .wp-block-kadence-column{justify-content:start;}.kb-row-layout-id1455_a04f13-ac > .kt-row-column-wrap{column-gap:var(--global-kb-gap-md, 2rem);row-gap:var(--global-kb-gap-md, 2rem);max-width:var( --global-content-width, 1290px );padding-left:var(--global-content-edge-padding);padding-right:var(--global-content-edge-padding);padding-top:0px;padding-bottom:90px;grid-template-columns:minmax(0, 1fr);}.kb-row-layout-id1455_a04f13-ac > .kt-row-layout-overlay{opacity:0.30;}@media all and (max-width: 1024px){.kb-row-layout-id1455_a04f13-ac > .kt-row-column-wrap{grid-template-columns:minmax(0, 1fr);}}@media all and (max-width: 767px){.kb-row-layout-id1455_a04f13-ac > .kt-row-column-wrap{grid-template-columns:minmax(0, 1fr);}}<\/style><div class=\"kb-row-layout-wrap kb-row-layout-id1455_a04f13-ac alignnone wp-block-kadence-rowlayout\"><div class=\"kt-row-column-wrap kt-has-1-columns kt-row-layout-equal kt-tab-layout-inherit kt-mobile-layout-row kt-row-valign-top kb-theme-content-width\">\n<style>.kadence-column1455_ed5973-9c > .kt-inside-inner-col,.kadence-column1455_ed5973-9c > .kt-inside-inner-col:before{border-top-left-radius:0px;border-top-right-radius:0px;border-bottom-right-radius:0px;border-bottom-left-radius:0px;}.kadence-column1455_ed5973-9c > .kt-inside-inner-col{column-gap:var(--global-kb-gap-sm, 1rem);}.kadence-column1455_ed5973-9c > .kt-inside-inner-col{flex-direction:column;}.kadence-column1455_ed5973-9c > .kt-inside-inner-col > .aligncenter{width:100%;}.kadence-column1455_ed5973-9c > .kt-inside-inner-col:before{opacity:0.3;}.kadence-column1455_ed5973-9c{position:relative;}@media all and (max-width: 1024px){.kadence-column1455_ed5973-9c > .kt-inside-inner-col{flex-direction:column;justify-content:center;}}@media all and (max-width: 767px){.kadence-column1455_ed5973-9c > .kt-inside-inner-col{flex-direction:column;justify-content:center;}}<\/style>\n<div class=\"wp-block-kadence-column kadence-column1455_ed5973-9c inner-column-1\"><div class=\"kt-inside-inner-col\"><\/div><\/div>\n\n<\/div><\/div>","protected":false},"excerpt":{"rendered":"<p>Kontakta oss Har du n\u00e5gra fr\u00e5gor? V\u00e5r adress Brf RiggenUtrustningskajen 11392 51 Kalmar info@riggenkalmar.se F\u00f6reningens styrelse best\u00e5r av:Hel\u00e9n Fredriksson &#8211; Ordf\u00f6randePeter Fernlund &#8211; TeknikansvarigCarina Jarleng &#8211; SekreterareThomas Palm &#8211; TeknikansvarigLotta Sundstr\u00f6m &#8211; Registeransvarig Trivselgruppen:trivsel@riggenkalmar.se Grannsamverkan: grannsamverkan@riggenkalmar.se<\/p>\n","protected":false},"author":1,"featured_media":1568,"parent":0,"menu_order":0,"comment_status":"closed","ping_status":"closed","template":"","meta":{"_kadence_starter_templates_imported_post":true,"_kad_post_transparent":"enable","_kad_post_title":"hide","_kad_post_layout":"fullwidth","_kad_post_sidebar_id":"","_kad_post_content_style":"unboxed","_kad_post_vertical_padding":"hide","_kad_post_feature":"","_kad_post_feature_position":"","_kad_post_header":false,"_kad_post_footer":false,"_kad_post_classname":"","footnotes":""},"class_list":["post-1455","page","type-page","status-publish","has-post-thumbnail","hentry"],"_links":{"self":[{"href":"https:\/\/www.riggenkalmar.se\/index.php?rest_route=\/wp\/v2\/pages\/1455","targetHints":{"allow":["GET"]}}],"collection":[{"href":"https:\/\/www.riggenkalmar.se\/index.php?rest_route=\/wp\/v2\/pages"}],"about":[{"href":"https:\/\/www.riggenkalmar.se\/index.php?rest_route=\/wp\/v2\/types\/page"}],"author":[{"embeddable":true,"href":"https:\/\/www.riggenkalmar.se\/index.php?rest_route=\/wp\/v2\/users\/1"}],"replies":[{"embeddable":true,"href":"https:\/\/www.riggenkalmar.se\/index.php?rest_route=%2Fwp%2Fv2%2Fcomments&post=1455"}],"version-history":[{"count":19,"href":"https:\/\/www.riggenkalmar.se\/index.php?rest_route=\/wp\/v2\/pages\/1455\/revisions"}],"predecessor-version":[{"id":1996,"href":"https:\/\/www.riggenkalmar.se\/index.php?rest_route=\/wp\/v2\/pages\/1455\/revisions\/1996"}],"wp:featuredmedia":[{"embeddable":true,"href":"https:\/\/www.riggenkalmar.se\/index.php?rest_route=\/wp\/v2\/media\/1568"}],"wp:attachment":[{"href":"https:\/\/www.riggenkalmar.se\/index.php?rest_route=%2Fwp%2Fv2%2Fmedia&parent=1455"}],"curies":[{"name":"wp","href":"https:\/\/api.w.org\/{rel}","templated":true}]}}